{"id":23597,"date":"2017-05-30T20:51:54","date_gmt":"2017-05-30T20:51:54","guid":{"rendered":"https:\/\/schools.wwf.ca\/register-login\/"},"modified":"2020-07-29T13:51:14","modified_gmt":"2020-07-29T17:51:14","slug":"inscription-et-connexion","status":"publish","type":"page","link":"https:\/\/schools.wwf.ca\/fr\/inscription-et-connexion\/","title":{"rendered":"Inscription et connexion"},"content":{"rendered":"","protected":false},"excerpt":{"rendered":"","protected":false},"author":70001,"featured_media":0,"parent":0,"menu_order":100,"comment_status":"closed","ping_status":"closed","template":"template_register_login.php","meta":{"footnotes":""},"class_list":["post-23597","page","type-page","status-publish","hentry"],"acf":[],"yoast_head":"<!-- This site is optimized with the Yoast SEO Premium plugin v15.2 - https:\/\/yoast.com\/wordpress\/plugins\/seo\/ -->\n<title>Inscription et connexion - Plan\u00e8te vivante @ l\u2019\u00e9cole<\/title>\n<meta name=\"description\" content=\"Il y a plusieurs fa\u00e7ons de mobiliser vos \u00e9l\u00e8ves et de nombreuses activit\u00e9s pour prot\u00e9ger les esp\u00e8ces et leurs habitats. Cr\u00e9ez un compte aujourdui.\" \/>\n<meta name=\"robots\" content=\"index, follow, max-snippet:-1, max-image-preview:large, max-video-preview:-1\" \/>\n<link rel=\"canonical\" href=\"https:\/\/schools.wwf.ca\/fr\/inscription-et-connexion\/\" \/>\n<meta property=\"og:locale\" content=\"fr_FR\" \/>\n<meta property=\"og:type\" content=\"article\" \/>\n<meta property=\"og:title\" content=\"Inscription et connexion - Plan\u00e8te vivante @ l\u2019\u00e9cole\" \/>\n<meta property=\"og:description\" content=\"Il y a plusieurs fa\u00e7ons de mobiliser vos \u00e9l\u00e8ves et de nombreuses activit\u00e9s pour prot\u00e9ger les esp\u00e8ces et leurs habitats. Cr\u00e9ez un compte aujourdui.\" \/>\n<meta property=\"og:url\" content=\"https:\/\/schools.wwf.ca\/fr\/inscription-et-connexion\/\" \/>\n<meta property=\"og:site_name\" content=\"Living Planet @ School | WWF-Canada\" \/>\n<meta property=\"article:modified_time\" content=\"2020-07-29T17:51:14+00:00\" \/>\n<meta name=\"twitter:card\" content=\"summary_large_image\" \/>\n<meta name=\"twitter:label1\" value=\"\u00c9crit par\">\n\t<meta name=\"twitter:data1\" value=\"wwfadmin1\">\n<script type=\"application\/ld+json\" class=\"yoast-schema-graph\">{\"@context\":\"https:\/\/schema.org\",\"@graph\":[{\"@type\":\"WebSite\",\"@id\":\"https:\/\/schools.wwf.ca\/fr\/#website\",\"url\":\"https:\/\/schools.wwf.ca\/fr\/\",\"name\":\"Living Planet @ School | WWF-Canada\",\"description\":\"Schools for a living planet\",\"potentialAction\":[{\"@type\":\"SearchAction\",\"target\":\"https:\/\/schools.wwf.ca\/fr\/?s={search_term_string}\",\"query-input\":\"required name=search_term_string\"}],\"inLanguage\":\"fr-FR\"},{\"@type\":\"WebPage\",\"@id\":\"https:\/\/schools.wwf.ca\/fr\/inscription-et-connexion\/#webpage\",\"url\":\"https:\/\/schools.wwf.ca\/fr\/inscription-et-connexion\/\",\"name\":\"Inscription et connexion - Plan\\u00e8te vivante @ l\\u2019\\u00e9cole\",\"isPartOf\":{\"@id\":\"https:\/\/schools.wwf.ca\/fr\/#website\"},\"datePublished\":\"2017-05-30T20:51:54+00:00\",\"dateModified\":\"2020-07-29T17:51:14+00:00\",\"description\":\"Il y a plusieurs fa\\u00e7ons de mobiliser vos \\u00e9l\\u00e8ves et de nombreuses activit\\u00e9s pour prot\\u00e9ger les esp\\u00e8ces et leurs habitats. Cr\\u00e9ez un compte aujourdui.\",\"inLanguage\":\"fr-FR\",\"potentialAction\":[{\"@type\":\"ReadAction\",\"target\":[\"https:\/\/schools.wwf.ca\/fr\/inscription-et-connexion\/\"]}]}]}<\/script>\n<!-- \/ Yoast SEO Premium plugin. -->","_links":{"self":[{"href":"https:\/\/schools.wwf.ca\/fr\/wp-json\/wp\/v2\/pages\/23597","targetHints":{"allow":["GET"]}}],"collection":[{"href":"https:\/\/schools.wwf.ca\/fr\/wp-json\/wp\/v2\/pages"}],"about":[{"href":"https:\/\/schools.wwf.ca\/fr\/wp-json\/wp\/v2\/types\/page"}],"author":[{"embeddable":true,"href":"https:\/\/schools.wwf.ca\/fr\/wp-json\/wp\/v2\/users\/70001"}],"replies":[{"embeddable":true,"href":"https:\/\/schools.wwf.ca\/fr\/wp-json\/wp\/v2\/comments?post=23597"}],"version-history":[{"count":0,"href":"https:\/\/schools.wwf.ca\/fr\/wp-json\/wp\/v2\/pages\/23597\/revisions"}],"wp:attachment":[{"href":"https:\/\/schools.wwf.ca\/fr\/wp-json\/wp\/v2\/media?parent=23597"}],"curies":[{"name":"wp","href":"https:\/\/api.w.org\/{rel}","templated":true}]}}