{"id":23588,"date":"2017-03-01T16:58:24","date_gmt":"2017-03-01T16:58:24","guid":{"rendered":"https:\/\/schools.wwf.ca\/living-planet-school-and-living-planet-campus\/"},"modified":"2026-02-17T21:58:47","modified_gmt":"2026-02-18T02:58:47","slug":"living-planet-school-and-living-planet-campus","status":"publish","type":"page","link":"https:\/\/schools.wwf.ca\/fr\/","title":{"rendered":"Plan\u00e8te vivante @ l\u2019\u00e9cole"},"content":{"rendered":"","protected":false},"excerpt":{"rendered":"","protected":false},"author":70001,"featured_media":0,"parent":0,"menu_order":0,"comment_status":"closed","ping_status":"open","template":"general-inner-template.php","meta":{"footnotes":""},"class_list":["post-23588","page","type-page","status-publish","hentry"],"acf":[],"yoast_head":"<!-- This site is optimized with the Yoast SEO Premium plugin v15.2 - https:\/\/yoast.com\/wordpress\/plugins\/seo\/ -->\n<title>\u00c0 propos - Plan\u00e8te vivante @ l\u2019\u00e9cole<\/title>\n<meta name=\"description\" content=\"Un programme national qui soutient les \u00e9ducateur.rice.s qui cultivent l&#039;action et l&#039;intendance environmentales aves les \u00e9l\u00e8ves.\" \/>\n<meta name=\"robots\" content=\"index, follow, max-snippet:-1, max-image-preview:large, max-video-preview:-1\" \/>\n<link rel=\"canonical\" href=\"https:\/\/schools.wwf.ca\/fr\/\" \/>\n<meta property=\"og:locale\" content=\"fr_FR\" \/>\n<meta property=\"og:type\" content=\"article\" \/>\n<meta property=\"og:title\" content=\"\u00c0 propos - Plan\u00e8te vivante @ l\u2019\u00e9cole\" \/>\n<meta property=\"og:description\" content=\"Un programme national qui soutient les \u00e9ducateur.rice.s qui cultivent l&#039;action et l&#039;intendance environmentales aves les \u00e9l\u00e8ves.\" \/>\n<meta property=\"og:url\" content=\"https:\/\/schools.wwf.ca\/fr\/\" \/>\n<meta property=\"og:site_name\" content=\"Living Planet @ School | WWF-Canada\" \/>\n<meta property=\"article:modified_time\" content=\"2026-02-18T02:58:47+00:00\" \/>\n<meta name=\"twitter:card\" content=\"summary_large_image\" \/>\n<meta name=\"twitter:label1\" value=\"\u00c9crit par\">\n\t<meta name=\"twitter:data1\" value=\"wwfadmin1\">\n<script type=\"application\/ld+json\" class=\"yoast-schema-graph\">{\"@context\":\"https:\/\/schema.org\",\"@graph\":[{\"@type\":\"WebSite\",\"@id\":\"https:\/\/schools.wwf.ca\/fr\/#website\",\"url\":\"https:\/\/schools.wwf.ca\/fr\/\",\"name\":\"Living Planet @ School | WWF-Canada\",\"description\":\"Schools for a living planet\",\"potentialAction\":[{\"@type\":\"SearchAction\",\"target\":\"https:\/\/schools.wwf.ca\/fr\/?s={search_term_string}\",\"query-input\":\"required name=search_term_string\"}],\"inLanguage\":\"fr-FR\"},{\"@type\":\"WebPage\",\"@id\":\"https:\/\/schools.wwf.ca\/fr\/#webpage\",\"url\":\"https:\/\/schools.wwf.ca\/fr\/\",\"name\":\"\\u00c0 propos - Plan\\u00e8te vivante @ l\\u2019\\u00e9cole\",\"isPartOf\":{\"@id\":\"https:\/\/schools.wwf.ca\/fr\/#website\"},\"datePublished\":\"2017-03-01T16:58:24+00:00\",\"dateModified\":\"2026-02-18T02:58:47+00:00\",\"description\":\"Un programme national qui soutient les \\u00e9ducateur.rice.s qui cultivent l'action et l'intendance environmentales aves les \\u00e9l\\u00e8ves.\",\"inLanguage\":\"fr-FR\",\"potentialAction\":[{\"@type\":\"ReadAction\",\"target\":[\"https:\/\/schools.wwf.ca\/fr\/\"]}]}]}<\/script>\n<!-- \/ Yoast SEO Premium plugin. -->","_links":{"self":[{"href":"https:\/\/schools.wwf.ca\/fr\/wp-json\/wp\/v2\/pages\/23588","targetHints":{"allow":["GET"]}}],"collection":[{"href":"https:\/\/schools.wwf.ca\/fr\/wp-json\/wp\/v2\/pages"}],"about":[{"href":"https:\/\/schools.wwf.ca\/fr\/wp-json\/wp\/v2\/types\/page"}],"author":[{"embeddable":true,"href":"https:\/\/schools.wwf.ca\/fr\/wp-json\/wp\/v2\/users\/70001"}],"replies":[{"embeddable":true,"href":"https:\/\/schools.wwf.ca\/fr\/wp-json\/wp\/v2\/comments?post=23588"}],"version-history":[{"count":0,"href":"https:\/\/schools.wwf.ca\/fr\/wp-json\/wp\/v2\/pages\/23588\/revisions"}],"wp:attachment":[{"href":"https:\/\/schools.wwf.ca\/fr\/wp-json\/wp\/v2\/media?parent=23588"}],"curies":[{"name":"wp","href":"https:\/\/api.w.org\/{rel}","templated":true}]}}