{"id":23555,"date":"2017-07-19T18:49:20","date_gmt":"2017-07-19T18:49:20","guid":{"rendered":"https:\/\/schools.wwf.ca\/terms-conditions\/"},"modified":"2020-01-07T21:54:46","modified_gmt":"2020-01-07T21:54:46","slug":"modalites","status":"publish","type":"page","link":"https:\/\/schools.wwf.ca\/fr\/modalites\/","title":{"rendered":"Modalit\u00e9s"},"content":{"rendered":"<div class=\"row tight\">\n<h4>Modalit\u00e9s<\/h4>\n<h5>Politique du WWF-Canada en mati\u00e8re de commentaires<\/h5>\n<p><em>Le WWF-Canada accueille vos commentaires.<\/em><\/p>\n<p>Tous les commentaires seront mod\u00e9r\u00e9s avant d\u2019\u00eatre publi\u00e9s; toutefois, nous ne sommes pas responsables du contenu de ces commentaires et nous nous r\u00e9servons le droit de supprimer ou de modifier tout commentaire que nous jugeons abusif, diffamatoire, obsc\u00e8ne, contraire au droit d\u2019auteur ou \u00e0 la loi sur les marques de commerce ou autrement inacceptable.<br \/>\nLes commentaires seront syst\u00e9matiquement supprim\u00e9s s\u2019ils contiennent\u00a0: de la publicit\u00e9, des grossi\u00e8ret\u00e9s, des commentaires sans pertinence au sujet, des liens vers des sites Web affichant du contenu inappropri\u00e9, des attaques personnelles contre les sujets ou d\u2019autres lecteur.rice.s ou encore du mat\u00e9riel de \u00ab\u00a0pollupostage\u00a0\u00bb ayant \u00e9t\u00e9 affich\u00e9 \u00e0 plusieurs endroits.<\/p>\n<h5>Membres<\/h5>\n<p><em>L\u2019adh\u00e9sion \u00e0 Plan\u00e8te vivante @ travail est gratuite.<\/em><\/p>\n<p>Plan\u00e8te vivante @ travail est une communaut\u00e9 en ligne destin\u00e9e aux employ\u00e9.e.s qui souhaitent participer \u00e0 l\u2019\u00e9cologisation des activit\u00e9s de leur entreprise et \u00e0 mobiliser leurs coll\u00e8gues autour du d\u00e9veloppement durable.<\/p>\n<p>En tant que membre de Plan\u00e8te vivante @ travail, nous vous demandons de vous mobiliser de fa\u00e7on positive, constructive et respectueuse. Si nous jugeons qu\u2019un.e membre se mobilise de fa\u00e7on abusive ou diffamatoire, nous nous r\u00e9servons le droit de bloquer son acc\u00e8s \u00e0 la communaut\u00e9.<\/p>\n<h5>Contenu g\u00e9n\u00e9r\u00e9 par les membres<\/h5>\n<p>Nous avons h\u00e2te d\u2019entendre parler de vous! Vous avez des exp\u00e9riences \u00e0 partager? Vous connaissez une personne ou une entreprise qui se d\u00e9marque dans votre communaut\u00e9 et dont vous aimeriez nous parler? Vous aimeriez ajouter \u00e0 notre liste une id\u00e9e que vous avez pour r\u00e9duire l\u2019empreinte \u00e9cologique ou mobiliser des employ\u00e9.e.s? Envoyez-nous toutes les informations pertinentes \u00e0 LivingPlanetAtWork@wwfcanada.org et un.e membre de notre \u00e9quipe vous r\u00e9pondra.<\/p>\n<p>En consentant \u00e0 ce que le WWF-Canada publie votre id\u00e9e, votre image ou votre vid\u00e9o sur le site Web de la Communaut\u00e9 Plan\u00e8te vivante, vous reconnaissez avoir l\u2019autorisation de la ou des personnes figurant sur la ou les photographies ou vid\u00e9os que vous nous envoyez \u00e0 cet effet.<\/p>\n<p>Le contenu g\u00e9n\u00e9r\u00e9 par les membres sera publi\u00e9 sous r\u00e9serve de l\u2019approbation du WWF-Canada.<\/p>\n<h5>Partage de contenu du WWF<\/h5>\n<p><em>Contenu de tiers<\/em><\/p>\n<p>Certains contenus ou \u00e9l\u00e9ments graphiques figurant sur le site Web de Plan\u00e8te vivante @ travail atwork.wwf.ca peuvent \u00eatre prot\u00e9g\u00e9s par le droit d\u2019auteur d\u2019autres organisations.<br \/>\nVous ne devez pas utiliser du texte de fa\u00e7on s\u00e9lective pour pr\u00e9senter de mani\u00e8re inexacte la position du WWF. Sinon, vous vous exposez \u00e0 des poursuites judiciaires.<\/p>\n<h5>Nous vous encourageons \u00e0 utiliser et \u00e0 partager notre contenu.<\/h5>\n<p>Les fichiers PDF, Flash et Word sont \u00e0 vous, mais non les photos. Nous vous demandons d\u2019inclure un lien vers notre site Web, de pr\u00e9f\u00e9rence un lien renvoyant directement \u00e0 la page sur laquelle vous avez trouv\u00e9 le contenu original.<\/p>\n<h5>Octroi de licences de contenu<\/h5>\n<p><em>Autorisation de reproduction<\/em><\/p>\n<p>Le contenu figurant sur ce site est r\u00e9gi par les dispositions de la Loi sur le droit d\u2019auteur ainsi que par les lois, politiques et r\u00e9glementations canadiennes et les ententes internationales. Ces dispositions servent \u00e0 identifier la source d\u2019information et, dans certains cas sp\u00e9cifiques, \u00e0 interdire la reproduction de contenu sans autorisation \u00e9crite.<\/p>\n<p><em>Reproduction \u00e0 des fins non commerciales<\/em><\/p>\n<p>L\u2019information pr\u00e9sent\u00e9e sur ce site a \u00e9t\u00e9 publi\u00e9e dans l\u2019intention que les utilisateur.rice.s puissent facilement s\u2019en servir \u00e0 des fins personnelles et non commerciales. Sa reproduction int\u00e9grale ou partielle par quelque proc\u00e9d\u00e9 que ce soit est autoris\u00e9e sans frais ou sans autre autorisation de Plan\u00e8te vivante @ travail. Nous demandons juste\u00a0:<\/p>\n<p>Que l\u2019utilisateur.rice fasse preuve d\u2019une diligence raisonnable en s\u2019assurant de l\u2019exactitude du contenu copi\u00e9;<br \/>\nQue tant Plan\u00e8te vivante @ travail que notre site Web atwork.wwf.ca soient identifi\u00e9s comme \u00e9tant la source; et<br \/>\nQue la copie ne soit pas pr\u00e9sent\u00e9e comme une version officielle du contenu copi\u00e9, ni comme une copie faite en association avec ou sans l\u2019approbation de Plan\u00e8te vivante @ travail.<\/p>\n<p><strong>IMPORTANT\u00a0:<\/strong> Aucune des images figurant sur ce site n\u2019est vis\u00e9e par les \u00e9l\u00e9ments susmentionn\u00e9s. Vous aurez besoin d\u2019une autorisation sp\u00e9ciale et explicite.<\/p>\n<h5>Reproduction \u00e0 des fins commerciales<\/h5>\n<p>La copie multiple du contenu figurant sur ce site, en tout ou en partie, pour diffusion commerciale est interdite, sauf avec l\u2019autorisation de la Communaut\u00e9 Plan\u00e8te vivante. En autorisant la reproduction, la Communaut\u00e9 Plan\u00e8te vivante veut s\u2019assurer que les personnes ou les organisations qui d\u00e9sirent copier du contenu \u00e0 des fins commerciales ont acc\u00e8s aux versions les plus exactes et \u00e0 jour. Pour obtenir l\u2019autorisation de reproduire \u00e0 des fins commerciales du contenu figurant sur ce site, veuillez contacter\u00a0:<\/p>\n<p>Plan\u00e8te Vivante @ Travail<br \/>\nc\/o WWF-Canada,<br \/>\n410 Adelaide St West<br \/>\nSuite 400<br \/>\nToronto (Ontario) M5V 1S8<\/p>\n<p>T\u00e9l: 1 800 26-PANDA Composez le : 1-800-26-PANDA<br \/>\nT\u00e9l: 416\u00a0489-8800 Composez le\u00a0: 416\u00a0489-8800<br \/>\nT\u00e9l\u00e9c: 416\u00a0489-8055 Composez le\u00a0: 416\u00a0489-3611<br \/>\nCourriel: LivingPlanetAtWork@wwfcanada.org<\/p>\n<h5>Exactitude de l\u2019information<\/h5>\n<p>Tous les efforts raisonnables ont \u00e9t\u00e9 d\u00e9ploy\u00e9s pour assurer l\u2019exactitude du contenu de ce site Web. Cependant, aucune garantie n\u2019est offerte \u00e0 cette fin. De plus, \u00a9 2008 WWF-Canada; \u00a9 1986 WWF-Fonds mondial pour la nature (aussi connu sous le nom de World Wildlife Fund), symbole du panda n\u2019assume aucune responsabilit\u00e9 en cas de pertes ou de dommages r\u00e9sultant de l\u2019utilisation de ce site.<\/p>\n<h5>Cartes sur ce site<\/h5>\n<p>Les d\u00e9signations mat\u00e9rielles et g\u00e9ographiques sur ce site ne doivent pas \u00eatre interpr\u00e9t\u00e9es comme constituant l\u2019expression d\u2019une opinion quelconque par le WWF quant au statut juridique d\u2019un pays, d\u2019un territoire ou d\u2019une r\u00e9gion ou encore concernant la d\u00e9limitation de ses fronti\u00e8res ou limites territoriales.<\/p>\n<h5>Utilisation du symbole\/logo du panda<\/h5>\n<p>Le symbole du panda du WWF est une marque de commerce d\u00e9pos\u00e9e et son utilisation est donc assujettie aux restrictions du droit d\u2019auteur.<br \/>\nAucune utilisation ou reproduction n\u2019est permise sans autorisation explicite.<br \/>\nCependant, si le WWF a d\u00e9j\u00e0 int\u00e9gr\u00e9 son logo dans une image, banni\u00e8re ou pr\u00e9sentation flash, l\u2019utilisation est alors permise. Par contre, vous ne devez jamais utiliser le logo du WWF pour appuyer votre site ou vos produits ou encore en faire la promotion.<\/p>\n<p>Les lettres \u00ab\u00a0WWF\u00a0\u00bb sont aussi une marque de commerce d\u00e9pos\u00e9e et elles ne doivent pas \u00eatre utilis\u00e9s pour appuyer tout produit ou service, ou en faire la promotion, d\u2019aucune fa\u00e7on.<\/p>\n<p>Des possibilit\u00e9s d\u2019octroi de licences et de partenariat vous sont offertes, comme vous pouviez vous y attendre. Pri\u00e8re de communiquer avec l\u2019\u00e9quipe Plan\u00e8te vivante @ travail (LivingPlanetAtWork@wwfcanada.org) pour plus de d\u00e9tails.<\/p>\n<h5>Utilisation de contenu \u00e0 des fins lucratives<\/h5>\n<p>Si vous avez l\u2019intention de vendre le contenu de nos publications dans un but lucratif, nous aimerions avoir quelque chose en retour. Envisagez la possibilit\u00e9 de nous remercier en versant un don par l\u2019entremise de ce site. Ce serait tr\u00e8s appr\u00e9ci\u00e9.<\/p>\n<h5>Mention de la source du texte d\u2019une publication imprim\u00e9e ou \u00e9lectronique<\/h5>\n<p>Dans le cas d\u2019une publication imprim\u00e9e, reproduite int\u00e9gralement ou en partie, vous devez mentionner la source du WWF comme suit\u00a0:<br \/>\n\u00a9 [date du contenu] WWF-Canada (wwf.ca). Certains droits r\u00e9serv\u00e9s<\/p>\n<p><strong>Pour un site Web,<\/strong> tout ce que vous devez faire, c\u2019est inclure un lien vers notre site Web, de pr\u00e9f\u00e9rence un lien renvoyant directement \u00e0 la page sur laquelle vous avez trouv\u00e9 le texte original.<\/p>\n<p>Derni\u00e8re mise \u00e0 jour de la page\u00a0: 8\u00a0novembre\u00a02012. \u00a9 Tous les \u00e9l\u00e9ments graphiques et les photos sont la propri\u00e9t\u00e9 du WWF.<\/p>\n<\/div>\n","protected":false},"excerpt":{"rendered":"<p>Modalit\u00e9s Politique du WWF-Canada en mati\u00e8re de commentaires Le WWF-Canada accueille vos commentaires. Tous les commentaires seront mod\u00e9r\u00e9s avant d\u2019\u00eatre publi\u00e9s; toutefois, nous ne sommes pas responsables du contenu de ces commentaires et nous nous r\u00e9servons le droit de supprimer ou de modifier tout commentaire que nous jugeons abusif, diffamatoire, obsc\u00e8ne, contraire au droit d\u2019auteur [&hellip;]<\/p>\n","protected":false},"author":70310,"featured_media":0,"parent":0,"menu_order":24,"comment_status":"closed","ping_status":"closed","template":"","meta":{"footnotes":""},"class_list":["post-23555","page","type-page","status-publish","hentry"],"acf":[],"yoast_head":"<!-- This site is optimized with the Yoast SEO Premium plugin v15.2 - https:\/\/yoast.com\/wordpress\/plugins\/seo\/ -->\n<title>Modalit\u00e9s - Living Planet @ School | WWF-Canada<\/title>\n<meta name=\"robots\" content=\"index, follow, max-snippet:-1, max-image-preview:large, max-video-preview:-1\" \/>\n<link rel=\"canonical\" href=\"https:\/\/schools.wwf.ca\/fr\/modalites\/\" \/>\n<meta property=\"og:locale\" content=\"fr_FR\" \/>\n<meta property=\"og:type\" content=\"article\" \/>\n<meta property=\"og:title\" content=\"Modalit\u00e9s - Living Planet @ School | WWF-Canada\" \/>\n<meta property=\"og:description\" content=\"Modalit\u00e9s Politique du WWF-Canada en mati\u00e8re de commentaires Le WWF-Canada accueille vos commentaires. Tous les commentaires seront mod\u00e9r\u00e9s avant d\u2019\u00eatre publi\u00e9s; toutefois, nous ne sommes pas responsables du contenu de ces commentaires et nous nous r\u00e9servons le droit de supprimer ou de modifier tout commentaire que nous jugeons abusif, diffamatoire, obsc\u00e8ne, contraire au droit d\u2019auteur [&hellip;]\" \/>\n<meta property=\"og:url\" content=\"https:\/\/schools.wwf.ca\/fr\/modalites\/\" \/>\n<meta property=\"og:site_name\" content=\"Living Planet @ School | WWF-Canada\" \/>\n<meta property=\"article:modified_time\" content=\"2020-01-07T21:54:46+00:00\" \/>\n<meta name=\"twitter:card\" content=\"summary_large_image\" \/>\n<meta name=\"twitter:label1\" value=\"\u00c9crit par\">\n\t<meta name=\"twitter:data1\" value=\"WWF Schools\">\n\t<meta name=\"twitter:label2\" value=\"Dur\u00e9e de lecture estim\u00e9e\">\n\t<meta name=\"twitter:data2\" value=\"5 minutes\">\n<script type=\"application\/ld+json\" class=\"yoast-schema-graph\">{\"@context\":\"https:\/\/schema.org\",\"@graph\":[{\"@type\":\"WebSite\",\"@id\":\"https:\/\/schools.wwf.ca\/fr\/#website\",\"url\":\"https:\/\/schools.wwf.ca\/fr\/\",\"name\":\"Living Planet @ School | WWF-Canada\",\"description\":\"Schools for a living planet\",\"potentialAction\":[{\"@type\":\"SearchAction\",\"target\":\"https:\/\/schools.wwf.ca\/fr\/?s={search_term_string}\",\"query-input\":\"required name=search_term_string\"}],\"inLanguage\":\"fr-FR\"},{\"@type\":\"WebPage\",\"@id\":\"https:\/\/schools.wwf.ca\/fr\/modalites\/#webpage\",\"url\":\"https:\/\/schools.wwf.ca\/fr\/modalites\/\",\"name\":\"Modalit\\u00e9s - Living Planet @ School | WWF-Canada\",\"isPartOf\":{\"@id\":\"https:\/\/schools.wwf.ca\/fr\/#website\"},\"datePublished\":\"2017-07-19T18:49:20+00:00\",\"dateModified\":\"2020-01-07T21:54:46+00:00\",\"inLanguage\":\"fr-FR\",\"potentialAction\":[{\"@type\":\"ReadAction\",\"target\":[\"https:\/\/schools.wwf.ca\/fr\/modalites\/\"]}]}]}<\/script>\n<!-- \/ Yoast SEO Premium plugin. -->","_links":{"self":[{"href":"https:\/\/schools.wwf.ca\/fr\/wp-json\/wp\/v2\/pages\/23555","targetHints":{"allow":["GET"]}}],"collection":[{"href":"https:\/\/schools.wwf.ca\/fr\/wp-json\/wp\/v2\/pages"}],"about":[{"href":"https:\/\/schools.wwf.ca\/fr\/wp-json\/wp\/v2\/types\/page"}],"author":[{"embeddable":true,"href":"https:\/\/schools.wwf.ca\/fr\/wp-json\/wp\/v2\/users\/70310"}],"replies":[{"embeddable":true,"href":"https:\/\/schools.wwf.ca\/fr\/wp-json\/wp\/v2\/comments?post=23555"}],"version-history":[{"count":0,"href":"https:\/\/schools.wwf.ca\/fr\/wp-json\/wp\/v2\/pages\/23555\/revisions"}],"wp:attachment":[{"href":"https:\/\/schools.wwf.ca\/fr\/wp-json\/wp\/v2\/media?parent=23555"}],"curies":[{"name":"wp","href":"https:\/\/api.w.org\/{rel}","templated":true}]}}