{"id":23549,"date":"2017-07-18T20:00:10","date_gmt":"2017-07-18T20:00:10","guid":{"rendered":"https:\/\/schools.wwf.ca\/secondary\/"},"modified":"2023-09-07T13:42:00","modified_gmt":"2023-09-07T17:42:00","slug":"activites-secondaire","status":"publish","type":"page","link":"https:\/\/schools.wwf.ca\/fr\/activites-secondaire\/","title":{"rendered":"Activit\u00e9s au secondaire"},"content":{"rendered":"<p>&nbsp;<\/p>\r\n\r\n<p>&nbsp;<\/p>\r\n","protected":false},"excerpt":{"rendered":"<p>&nbsp; &nbsp;<\/p>\n","protected":false},"author":70310,"featured_media":0,"parent":0,"menu_order":2,"comment_status":"closed","ping_status":"closed","template":"template-wwf_event_level.php","meta":{"footnotes":""},"class_list":["post-23549","page","type-page","status-publish","hentry"],"acf":[],"yoast_head":"<!-- This site is optimized with the Yoast SEO Premium plugin v15.2 - https:\/\/yoast.com\/wordpress\/plugins\/seo\/ -->\n<title>Activit\u00e9s au secondaire - Plan\u00e8te vivante @ l\u2019\u00e9cole<\/title>\n<meta name=\"description\" content=\"Nous offrons des activit\u00e9s et des ressources pour soutenir vos \u00e9l\u00e8ves qui aident la nature. Agir dans votre classe et votre cour d\u2019\u00e9cole avec WWF.\" \/>\n<meta name=\"robots\" content=\"index, follow, max-snippet:-1, max-image-preview:large, max-video-preview:-1\" \/>\n<link rel=\"canonical\" href=\"https:\/\/schools.wwf.ca\/fr\/activites-secondaire\/\" \/>\n<meta property=\"og:locale\" content=\"fr_FR\" \/>\n<meta property=\"og:type\" content=\"article\" \/>\n<meta property=\"og:title\" content=\"Activit\u00e9s au secondaire - Plan\u00e8te vivante @ l\u2019\u00e9cole\" \/>\n<meta property=\"og:description\" content=\"Nous offrons des activit\u00e9s et des ressources pour soutenir vos \u00e9l\u00e8ves qui aident la nature. Agir dans votre classe et votre cour d\u2019\u00e9cole avec WWF.\" \/>\n<meta property=\"og:url\" content=\"https:\/\/schools.wwf.ca\/fr\/activites-secondaire\/\" \/>\n<meta property=\"og:site_name\" content=\"Living Planet @ School | WWF-Canada\" \/>\n<meta property=\"article:modified_time\" content=\"2023-09-07T17:42:00+00:00\" \/>\n<meta name=\"twitter:card\" content=\"summary_large_image\" \/>\n<meta name=\"twitter:label1\" value=\"\u00c9crit par\">\n\t<meta name=\"twitter:data1\" value=\"WWF Schools\">\n\t<meta name=\"twitter:label2\" value=\"Dur\u00e9e de lecture estim\u00e9e\">\n\t<meta name=\"twitter:data2\" value=\"0 minute\">\n<script type=\"application\/ld+json\" class=\"yoast-schema-graph\">{\"@context\":\"https:\/\/schema.org\",\"@graph\":[{\"@type\":\"WebSite\",\"@id\":\"https:\/\/schools.wwf.ca\/fr\/#website\",\"url\":\"https:\/\/schools.wwf.ca\/fr\/\",\"name\":\"Living Planet @ School | WWF-Canada\",\"description\":\"Schools for a living planet\",\"potentialAction\":[{\"@type\":\"SearchAction\",\"target\":\"https:\/\/schools.wwf.ca\/fr\/?s={search_term_string}\",\"query-input\":\"required name=search_term_string\"}],\"inLanguage\":\"fr-FR\"},{\"@type\":\"WebPage\",\"@id\":\"https:\/\/schools.wwf.ca\/fr\/activites-secondaire\/#webpage\",\"url\":\"https:\/\/schools.wwf.ca\/fr\/activites-secondaire\/\",\"name\":\"Activit\\u00e9s au secondaire - Plan\\u00e8te vivante @ l\\u2019\\u00e9cole\",\"isPartOf\":{\"@id\":\"https:\/\/schools.wwf.ca\/fr\/#website\"},\"datePublished\":\"2017-07-18T20:00:10+00:00\",\"dateModified\":\"2023-09-07T17:42:00+00:00\",\"description\":\"Nous offrons des activit\\u00e9s et des ressources pour soutenir vos \\u00e9l\\u00e8ves qui aident la nature. Agir dans votre classe et votre cour d\\u2019\\u00e9cole avec WWF.\",\"inLanguage\":\"fr-FR\",\"potentialAction\":[{\"@type\":\"ReadAction\",\"target\":[\"https:\/\/schools.wwf.ca\/fr\/activites-secondaire\/\"]}]}]}<\/script>\n<!-- \/ Yoast SEO Premium plugin. -->","_links":{"self":[{"href":"https:\/\/schools.wwf.ca\/fr\/wp-json\/wp\/v2\/pages\/23549","targetHints":{"allow":["GET"]}}],"collection":[{"href":"https:\/\/schools.wwf.ca\/fr\/wp-json\/wp\/v2\/pages"}],"about":[{"href":"https:\/\/schools.wwf.ca\/fr\/wp-json\/wp\/v2\/types\/page"}],"author":[{"embeddable":true,"href":"https:\/\/schools.wwf.ca\/fr\/wp-json\/wp\/v2\/users\/70310"}],"replies":[{"embeddable":true,"href":"https:\/\/schools.wwf.ca\/fr\/wp-json\/wp\/v2\/comments?post=23549"}],"version-history":[{"count":0,"href":"https:\/\/schools.wwf.ca\/fr\/wp-json\/wp\/v2\/pages\/23549\/revisions"}],"wp:attachment":[{"href":"https:\/\/schools.wwf.ca\/fr\/wp-json\/wp\/v2\/media?parent=23549"}],"curies":[{"name":"wp","href":"https:\/\/api.w.org\/{rel}","templated":true}]}}