{"id":23541,"date":"2017-07-18T19:59:25","date_gmt":"2017-07-18T19:59:25","guid":{"rendered":"https:\/\/schools.wwf.ca\/primary\/"},"modified":"2024-07-16T16:57:40","modified_gmt":"2024-07-16T20:57:40","slug":"activites-primaire","status":"publish","type":"page","link":"https:\/\/schools.wwf.ca\/fr\/activites-primaire\/","title":{"rendered":"Activit\u00e9s au primaire"},"content":{"rendered":"","protected":false},"excerpt":{"rendered":"","protected":false},"author":70310,"featured_media":41041,"parent":0,"menu_order":1,"comment_status":"closed","ping_status":"closed","template":"template-wwf_event_level.php","meta":{"footnotes":""},"class_list":["post-23541","page","type-page","status-publish","has-post-thumbnail","hentry"],"acf":[],"yoast_head":"<!-- This site is optimized with the Yoast SEO Premium plugin v15.2 - https:\/\/yoast.com\/wordpress\/plugins\/seo\/ -->\n<title>Activit\u00e9s au primaire - Plan\u00e8te vivante @ l\u2019\u00e9cole<\/title>\n<meta name=\"description\" content=\"Nous offrons des activit\u00e9s et des ressources pour soutenir vos \u00e9l\u00e8ves qui aident la nature. Agir dans votre classe et votre cour d\u2019\u00e9cole avec WWF.\" \/>\n<meta name=\"robots\" content=\"index, follow, max-snippet:-1, max-image-preview:large, max-video-preview:-1\" \/>\n<link rel=\"canonical\" href=\"https:\/\/schools.wwf.ca\/fr\/activites-primaire\/\" \/>\n<meta property=\"og:locale\" content=\"fr_FR\" \/>\n<meta property=\"og:type\" content=\"article\" \/>\n<meta property=\"og:title\" content=\"Activit\u00e9s au primaire - Plan\u00e8te vivante @ l\u2019\u00e9cole\" \/>\n<meta property=\"og:description\" content=\"Nous offrons des activit\u00e9s et des ressources pour soutenir vos \u00e9l\u00e8ves qui aident la nature. Agir dans votre classe et votre cour d\u2019\u00e9cole avec WWF.\" \/>\n<meta property=\"og:url\" content=\"https:\/\/schools.wwf.ca\/fr\/activites-primaire\/\" \/>\n<meta property=\"og:site_name\" content=\"Living Planet @ School | WWF-Canada\" \/>\n<meta property=\"article:modified_time\" content=\"2024-07-16T20:57:40+00:00\" \/>\n<meta property=\"og:image\" content=\"https:\/\/schools.wwf.ca\/wp-content\/uploads\/2020\/07\/shutterstock_1679702176-scaled-e1592517002533.jpg\" \/>\n\t<meta property=\"og:image:width\" content=\"2444\" \/>\n\t<meta property=\"og:image:height\" content=\"1689\" \/>\n<meta name=\"twitter:card\" content=\"summary_large_image\" \/>\n<meta name=\"twitter:label1\" value=\"\u00c9crit par\">\n\t<meta name=\"twitter:data1\" value=\"WWF Schools\">\n<script type=\"application\/ld+json\" class=\"yoast-schema-graph\">{\"@context\":\"https:\/\/schema.org\",\"@graph\":[{\"@type\":\"WebSite\",\"@id\":\"https:\/\/schools.wwf.ca\/fr\/#website\",\"url\":\"https:\/\/schools.wwf.ca\/fr\/\",\"name\":\"Living Planet @ School | WWF-Canada\",\"description\":\"Schools for a living planet\",\"potentialAction\":[{\"@type\":\"SearchAction\",\"target\":\"https:\/\/schools.wwf.ca\/fr\/?s={search_term_string}\",\"query-input\":\"required name=search_term_string\"}],\"inLanguage\":\"fr-FR\"},{\"@type\":\"ImageObject\",\"@id\":\"https:\/\/schools.wwf.ca\/fr\/activites-primaire\/#primaryimage\",\"inLanguage\":\"fr-FR\",\"url\":\"https:\/\/schools.wwf.ca\/wp-content\/uploads\/2020\/07\/shutterstock_1679702176-scaled-e1592517002533.jpg\",\"width\":2444,\"height\":1689,\"caption\":\"\\u00a9 Shutterstock\"},{\"@type\":\"WebPage\",\"@id\":\"https:\/\/schools.wwf.ca\/fr\/activites-primaire\/#webpage\",\"url\":\"https:\/\/schools.wwf.ca\/fr\/activites-primaire\/\",\"name\":\"Activit\\u00e9s au primaire - Plan\\u00e8te vivante @ l\\u2019\\u00e9cole\",\"isPartOf\":{\"@id\":\"https:\/\/schools.wwf.ca\/fr\/#website\"},\"primaryImageOfPage\":{\"@id\":\"https:\/\/schools.wwf.ca\/fr\/activites-primaire\/#primaryimage\"},\"datePublished\":\"2017-07-18T19:59:25+00:00\",\"dateModified\":\"2024-07-16T20:57:40+00:00\",\"description\":\"Nous offrons des activit\\u00e9s et des ressources pour soutenir vos \\u00e9l\\u00e8ves qui aident la nature. Agir dans votre classe et votre cour d\\u2019\\u00e9cole avec WWF.\",\"inLanguage\":\"fr-FR\",\"potentialAction\":[{\"@type\":\"ReadAction\",\"target\":[\"https:\/\/schools.wwf.ca\/fr\/activites-primaire\/\"]}]}]}<\/script>\n<!-- \/ Yoast SEO Premium plugin. -->","_links":{"self":[{"href":"https:\/\/schools.wwf.ca\/fr\/wp-json\/wp\/v2\/pages\/23541","targetHints":{"allow":["GET"]}}],"collection":[{"href":"https:\/\/schools.wwf.ca\/fr\/wp-json\/wp\/v2\/pages"}],"about":[{"href":"https:\/\/schools.wwf.ca\/fr\/wp-json\/wp\/v2\/types\/page"}],"author":[{"embeddable":true,"href":"https:\/\/schools.wwf.ca\/fr\/wp-json\/wp\/v2\/users\/70310"}],"replies":[{"embeddable":true,"href":"https:\/\/schools.wwf.ca\/fr\/wp-json\/wp\/v2\/comments?post=23541"}],"version-history":[{"count":0,"href":"https:\/\/schools.wwf.ca\/fr\/wp-json\/wp\/v2\/pages\/23541\/revisions"}],"wp:featuredmedia":[{"embeddable":true,"href":"https:\/\/schools.wwf.ca\/fr\/wp-json\/wp\/v2\/media\/41041"}],"wp:attachment":[{"href":"https:\/\/schools.wwf.ca\/fr\/wp-json\/wp\/v2\/media?parent=23541"}],"curies":[{"name":"wp","href":"https:\/\/api.w.org\/{rel}","templated":true}]}}